{"id":17,"date":"2014-02-04T09:23:51","date_gmt":"2014-02-04T07:23:51","guid":{"rendered":"http:\/\/modo.fi\/beta\/?page_id=17"},"modified":"2022-05-24T06:54:11","modified_gmt":"2022-05-24T04:54:11","slug":"company","status":"publish","type":"page","link":"https:\/\/www.modo.fi\/en\/company\/","title":{"rendered":"Company"},"content":{"rendered":"<div data-elementor-type=\"wp-page\" data-elementor-id=\"17\" class=\"elementor elementor-17\">\n\t\t\t\t\t\t<section class=\"elementor-section elementor-top-section elementor-element elementor-element-8c39c5d elementor-section-boxed elementor-section-height-default elementor-section-height-default\" data-id=\"8c39c5d\" data-element_type=\"section\">\n\t\t\t\t\t\t<div class=\"elementor-container elementor-column-gap-default\">\n\t\t\t\t\t<div class=\"elementor-column elementor-col-66 elementor-top-column elementor-element elementor-element-4faad98\" data-id=\"4faad98\" data-element_type=\"column\">\n\t\t\t<div class=\"elementor-widget-wrap elementor-element-populated\">\n\t\t\t\t\t\t<div class=\"elementor-element elementor-element-68cf95b elementor-widget elementor-widget-heading\" data-id=\"68cf95b\" data-element_type=\"widget\" data-widget_type=\"heading.default\">\n\t\t\t\t<div class=\"elementor-widget-container\">\n\t\t\t<h2 class=\"elementor-heading-title elementor-size-default\">Sweet 'n' Syrup Finland<\/h2>\t\t<\/div>\n\t\t\t\t<\/div>\n\t\t\t\t<div class=\"elementor-element elementor-element-0f50ac1 elementor-widget elementor-widget-text-editor\" data-id=\"0f50ac1\" data-element_type=\"widget\" data-widget_type=\"text-editor.default\">\n\t\t\t\t<div class=\"elementor-widget-container\">\n\t\t\t\t\t\t\t<p>Sweet \u2019n\u2019 Syrup Finland Oy is a Finnish food industry company established in 2001. Our clientele consists of a wide variety of companies from restaurants, caf\u00e9s, wholesalers and individual consumers to the food and alcohol industries.<\/p><p>Sweet \u2019n\u2019 Syrup Finland Oy is the market leading producer of syrups and shot mixers in Finland. Thanks to the high quality and all-natural ingredients, our products stand out in both the domestic and international markets.<\/p><p>With the rapidly changing trends in consumer preferences, the co-operation between our dedicated development team, clients and partners is crucial in order to keep the Modo brand a market leader for years to come.<\/p>\t\t\t\t\t\t<\/div>\n\t\t\t\t<\/div>\n\t\t\t\t<div class=\"elementor-element elementor-element-becaec5 elementor-widget elementor-widget-heading\" data-id=\"becaec5\" data-element_type=\"widget\" data-widget_type=\"heading.default\">\n\t\t\t\t<div class=\"elementor-widget-container\">\n\t\t\t<h2 class=\"elementor-heading-title elementor-size-default\">About us<\/h2>\t\t<\/div>\n\t\t\t\t<\/div>\n\t\t\t\t<div class=\"elementor-element elementor-element-39e9608 elementor-widget elementor-widget-text-editor\" data-id=\"39e9608\" data-element_type=\"widget\" data-widget_type=\"text-editor.default\">\n\t\t\t\t<div class=\"elementor-widget-container\">\n\t\t\t\t\t\t\t<p><span style=\"color: var( --e-global-color-text );\">The company consists of a professional team of bottlers, product developers and sales personnel. Our mutual goal is to ensure that Sweet \u2019n\u2019 Syrup Finland will continue to be a reliable international company in the manufacturing of high-quality products for the drink, food and pastry industries.<\/span><\/p><p>Our solid product know-how and continued interest in product development guarantees an increasingly rich palette of Finnish flavours that bring joy to everyone \u2013 including the customers of our partners and clients.<\/p>\t\t\t\t\t\t<\/div>\n\t\t\t\t<\/div>\n\t\t\t\t\t<\/div>\n\t\t<\/div>\n\t\t\t\t<div class=\"elementor-column elementor-col-33 elementor-top-column elementor-element elementor-element-e6f9444\" data-id=\"e6f9444\" data-element_type=\"column\">\n\t\t\t<div class=\"elementor-widget-wrap\">\n\t\t\t\t\t\t\t<\/div>\n\t\t<\/div>\n\t\t\t\t\t<\/div>\n\t\t<\/section>\n\t\t\t\t<section class=\"elementor-section elementor-top-section elementor-element elementor-element-9451e6e elementor-section-full_width elementor-section-stretched elementor-section-height-default elementor-section-height-default\" data-id=\"9451e6e\" data-element_type=\"section\" data-settings=\"{&quot;background_background&quot;:&quot;classic&quot;,&quot;stretch_section&quot;:&quot;section-stretched&quot;}\">\n\t\t\t\t\t\t<div class=\"elementor-container elementor-column-gap-default\">\n\t\t\t\t\t<div class=\"elementor-column elementor-col-100 elementor-top-column elementor-element elementor-element-647a1cb\" data-id=\"647a1cb\" data-element_type=\"column\">\n\t\t\t<div class=\"elementor-widget-wrap elementor-element-populated\">\n\t\t\t\t\t\t<section class=\"elementor-section elementor-inner-section elementor-element elementor-element-31dca68 elementor-section-boxed elementor-section-height-default elementor-section-height-default\" data-id=\"31dca68\" data-element_type=\"section\">\n\t\t\t\t\t\t<div class=\"elementor-container elementor-column-gap-default\">\n\t\t\t\t\t<div class=\"elementor-column elementor-col-100 elementor-inner-column elementor-element elementor-element-9215d4b\" data-id=\"9215d4b\" data-element_type=\"column\">\n\t\t\t<div class=\"elementor-widget-wrap elementor-element-populated\">\n\t\t\t\t\t\t<div class=\"elementor-element elementor-element-7240567 elementor-widget elementor-widget-heading\" data-id=\"7240567\" data-element_type=\"widget\" data-widget_type=\"heading.default\">\n\t\t\t\t<div class=\"elementor-widget-container\">\n\t\t\t<h2 class=\"elementor-heading-title elementor-size-default\">Handcrafted<br>\nfor craftsmen<\/h2>\t\t<\/div>\n\t\t\t\t<\/div>\n\t\t\t\t\t<\/div>\n\t\t<\/div>\n\t\t\t\t\t<\/div>\n\t\t<\/section>\n\t\t\t\t\t<\/div>\n\t\t<\/div>\n\t\t\t\t\t<\/div>\n\t\t<\/section>\n\t\t\t\t<\/div>","protected":false},"excerpt":{"rendered":"<p>Sweet &#8217;n&#8217; Syrup Finland Sweet \u2018n\u2019 Syrup Finland Oy on suomalainen elintarvikealan yritys, joka on perustettu vuonna 2001. Asiakaskuntamme koostuu laajasta valikoimasta yrityksi\u00e4 ravintoloista, kahviloista, tukkukaupoista ja yksitt\u00e4isist\u00e4 kuluttajista elintarvike- ja alkoholiteollisuuteen. Sweet\u2018n\u2019Syrup Finland Oy on luonut Modo-br\u00e4ndille tutun nimen. Sweet \u2019n\u2019 Syrup Finland Oy on Suomen markkinajohtaja siirappien ja shottien valmistaja. Korkean laadun ja [&hellip;]<\/p>\n","protected":false},"author":1,"featured_media":0,"parent":0,"menu_order":0,"comment_status":"closed","ping_status":"closed","template":"","meta":{"inline_featured_image":false},"_links":{"self":[{"href":"https:\/\/www.modo.fi\/en\/wp-json\/wp\/v2\/pages\/17"}],"collection":[{"href":"https:\/\/www.modo.fi\/en\/wp-json\/wp\/v2\/pages"}],"about":[{"href":"https:\/\/www.modo.fi\/en\/wp-json\/wp\/v2\/types\/page"}],"author":[{"embeddable":true,"href":"https:\/\/www.modo.fi\/en\/wp-json\/wp\/v2\/users\/1"}],"replies":[{"embeddable":true,"href":"https:\/\/www.modo.fi\/en\/wp-json\/wp\/v2\/comments?post=17"}],"version-history":[{"count":98,"href":"https:\/\/www.modo.fi\/en\/wp-json\/wp\/v2\/pages\/17\/revisions"}],"predecessor-version":[{"id":10129,"href":"https:\/\/www.modo.fi\/en\/wp-json\/wp\/v2\/pages\/17\/revisions\/10129"}],"wp:attachment":[{"href":"https:\/\/www.modo.fi\/en\/wp-json\/wp\/v2\/media?parent=17"}],"curies":[{"name":"wp","href":"https:\/\/api.w.org\/{rel}","templated":true}]}}