{"id":10311,"date":"2023-05-23T10:07:22","date_gmt":"2023-05-23T08:07:22","guid":{"rendered":"https:\/\/www.modo.fi\/?post_type=product&#038;p=10311"},"modified":"2026-04-02T12:27:45","modified_gmt":"2026-04-02T10:27:45","slug":"cosmopolitan-75-cl","status":"publish","type":"product","link":"https:\/\/www.modo.fi\/en\/product\/cosmopolitan-75-cl\/","title":{"rendered":"Cosmopolitan Syrup 75 cl"},"content":{"rendered":"","protected":false},"excerpt":{"rendered":"<p>Modo siirappi soveltuu loistavasti drinkkeihin ja mocktaileihin.<br \/>\nTuote ei sovellu virvoitusjuoman valmistukseen.<\/p>\n<p>All Modo syrups are lactose-free and gluten-free<\/p>\n<p>AINESOSAT: Vesi, sokeri, aromit, v\u00e4ri (E120), happamuudens\u00e4\u00e4t\u00f6aine (omenahappo), s\u00e4il\u00f6nt\u00e4aineet (E202 ja E211).<\/p>\n<p>INGREDIENSER: Vatten, socker, aromer, f\u00e4rg (E120), surhetsreglerandemedel (\u00e4ppelsyra), konserveringsmedel (E202 och E211).<\/p>\n<p>INGREDIENTS: Water, sugar, aromas, color (E120), acidity regulator (malic acid), preservatives (E202 and E211).<\/p>\n<div class=\"clearfix\">\n<table class=\"nutrition\" border=\"0\" width=\"100%\" cellspacing=\"0\" cellpadding=\"0\" align=\"left\">\n<tbody>\n<tr>\n<td align=\"left\" valign=\"top\" width=\"60%\"><strong>Nutritional content <\/strong><\/td>\n<td align=\"left\" valign=\"top\" width=\"40%\"><strong>g \/ 100 ml<\/strong><\/td>\n<\/tr>\n<tr>\n<td>Energy:<\/td>\n<td>703 kJ\/168,0 kcal<\/td>\n<\/tr>\n<tr>\n<td>Fat<\/td>\n<td>0,0<\/td>\n<\/tr>\n<tr>\n<td>- of which saturates:<\/td>\n<td>0,0<\/td>\n<\/tr>\n<tr>\n<td>Carbohydrate:<\/td>\n<td>42,0<\/td>\n<\/tr>\n<tr>\n<td>- of which sugars:<\/td>\n<td>41,0<\/td>\n<\/tr>\n<tr>\n<td>- of which lactose:<\/td>\n<td>0,0<\/td>\n<\/tr>\n<tr>\n<td>Protein:<\/td>\n<td>0,0<\/td>\n<\/tr>\n<tr>\n<td>Salt:<\/td>\n<td>0,0<\/td>\n<\/tr>\n<\/tbody>\n<\/table>\n<\/div>\n<p>&nbsp;<\/p>","protected":false},"featured_media":10307,"template":"","meta":{"inline_featured_image":false},"product_cat":[24],"product_tag":[151],"_links":{"self":[{"href":"https:\/\/www.modo.fi\/en\/wp-json\/wp\/v2\/product\/10311"}],"collection":[{"href":"https:\/\/www.modo.fi\/en\/wp-json\/wp\/v2\/product"}],"about":[{"href":"https:\/\/www.modo.fi\/en\/wp-json\/wp\/v2\/types\/product"}],"wp:featuredmedia":[{"embeddable":true,"href":"https:\/\/www.modo.fi\/en\/wp-json\/wp\/v2\/media\/10307"}],"wp:attachment":[{"href":"https:\/\/www.modo.fi\/en\/wp-json\/wp\/v2\/media?parent=10311"}],"wp:term":[{"taxonomy":"product_cat","embeddable":true,"href":"https:\/\/www.modo.fi\/en\/wp-json\/wp\/v2\/product_cat?post=10311"},{"taxonomy":"product_tag","embeddable":true,"href":"https:\/\/www.modo.fi\/en\/wp-json\/wp\/v2\/product_tag?post=10311"}],"curies":[{"name":"wp","href":"https:\/\/api.w.org\/{rel}","templated":true}]}}