{"id":10312,"date":"2023-05-23T10:10:16","date_gmt":"2023-05-23T08:10:16","guid":{"rendered":"https:\/\/www.modo.fi\/?post_type=product&#038;p=10312"},"modified":"2026-04-02T12:00:23","modified_gmt":"2026-04-02T10:00:23","slug":"mojito-syrup-75-cl","status":"publish","type":"product","link":"https:\/\/www.modo.fi\/en\/product\/mojito-syrup-75-cl\/","title":{"rendered":"Mojito Syrup 75 cl"},"content":{"rendered":"","protected":false},"excerpt":{"rendered":"<p>Modo siirappi soveltuu loistavasti drinkkeihin ja mocktaileihin.<br \/>\nTuote ei sovellu virvoitusjuoman valmistukseen.<\/p>\n<p>All Modo syrups are lactose-free and gluten-free<\/p>\n<p>AINESOSAT: Vesi, sokeri, sitruunat\u00e4ysmehutiiviste (4%), happamuudens\u00e4\u00e4t\u00f6aine (sitruunahappo), aromit (limetti, minttu), s\u00e4il\u00f6nt\u00e4aineet (E202 ja E211). T\u00e4ysmehupitoisuus: 4%.<\/p>\n<p>INGREDIENSER: Vatten, socker, citronjuicekoncentrat (4%), surhetsreglerandemedel (citronsyra), aromer (lime, mint), konserveringsmedel (E202 och E211). Juiceinneh\u00e5ll: 4%.<\/p>\n<p>INGREDIENTS: Water, sugar, lemon juice concentrate (4%), acidity regulator (citric acid), aromas (lime, mint), preservatives (E202 and E211). Juice content: 4%.<\/p>\n<div class=\"clearfix\">\n<table class=\"nutrition\" border=\"0\" width=\"100%\" cellspacing=\"0\" cellpadding=\"0\" align=\"left\">\n<tbody>\n<tr>\n<td align=\"left\" valign=\"top\" width=\"60%\"><strong>Nutritional content <\/strong><\/td>\n<td align=\"left\" valign=\"top\" width=\"40%\"><strong>g \/ 100 ml<\/strong><\/td>\n<\/tr>\n<tr>\n<td>Energy:<\/td>\n<td>885 kJ\/211,0 kcal<\/td>\n<\/tr>\n<tr>\n<td>Fat<\/td>\n<td>0,0<\/td>\n<\/tr>\n<tr>\n<td>- of which saturates:<\/td>\n<td>0,0<\/td>\n<\/tr>\n<tr>\n<td>Carbohydrate:<\/td>\n<td>52,9<\/td>\n<\/tr>\n<tr>\n<td>- of which sugars:<\/td>\n<td>52,0<\/td>\n<\/tr>\n<tr>\n<td>- of which lactose:<\/td>\n<td>0,0<\/td>\n<\/tr>\n<tr>\n<td>Protein:<\/td>\n<td>0,0<\/td>\n<\/tr>\n<tr>\n<td>Salt:<\/td>\n<td>0,0<\/td>\n<\/tr>\n<\/tbody>\n<\/table>\n<\/div>\n<p>&nbsp;<\/p>","protected":false},"featured_media":10308,"template":"","meta":{"inline_featured_image":false},"product_cat":[24,97],"product_tag":[151],"_links":{"self":[{"href":"https:\/\/www.modo.fi\/en\/wp-json\/wp\/v2\/product\/10312"}],"collection":[{"href":"https:\/\/www.modo.fi\/en\/wp-json\/wp\/v2\/product"}],"about":[{"href":"https:\/\/www.modo.fi\/en\/wp-json\/wp\/v2\/types\/product"}],"wp:featuredmedia":[{"embeddable":true,"href":"https:\/\/www.modo.fi\/en\/wp-json\/wp\/v2\/media\/10308"}],"wp:attachment":[{"href":"https:\/\/www.modo.fi\/en\/wp-json\/wp\/v2\/media?parent=10312"}],"wp:term":[{"taxonomy":"product_cat","embeddable":true,"href":"https:\/\/www.modo.fi\/en\/wp-json\/wp\/v2\/product_cat?post=10312"},{"taxonomy":"product_tag","embeddable":true,"href":"https:\/\/www.modo.fi\/en\/wp-json\/wp\/v2\/product_tag?post=10312"}],"curies":[{"name":"wp","href":"https:\/\/api.w.org\/{rel}","templated":true}]}}