{"id":8140,"date":"2022-04-27T08:08:34","date_gmt":"2022-04-27T06:08:34","guid":{"rendered":"https:\/\/www.modo.fi\/product\/caramel-syrup-75-cl\/"},"modified":"2025-12-18T10:54:55","modified_gmt":"2025-12-18T08:54:55","slug":"caramel-syrup-75-cl","status":"publish","type":"product","link":"https:\/\/www.modo.fi\/en\/product\/caramel-syrup-75-cl\/","title":{"rendered":"Caramel Syrup 75 cl"},"content":{"rendered":"","protected":false},"excerpt":{"rendered":"<p>The syrup is great for drinks, coffee and baking.<br \/>\nTuote ei sovellu virvoitusjuoman valmistukseen.<\/p>\n<p>All Modo syrups are lactose-free and gluten-free<\/p>\n<p>AINESOSAT: Vesi, sokeri, aromi, karamellisoitu sokeri,\u00a0happamuudens\u00e4\u00e4t\u00f6aine (sitruunahappo), s\u00e4il\u00f6nt\u00e4aineet\u00a0(E202 ja E211).<br \/>\nINGREDIENSER: Vatten, socker, arom, karamelliserat socker,\u00a0surhetsreglerandemedel (citronsyra), konserveringsmedel\u00a0(E202 och E211).<br \/>\nINGREDIENTS: Water, sugar, aroma, caramelized sugar, acidity\u00a0regulator (citric acid), preservatives (E202 and E211).<\/p>\n<div class=\"clearfix\">\n<table class=\"nutrition\" border=\"0\" width=\"100%\" cellspacing=\"0\" cellpadding=\"0\" align=\"left\">\n<tbody>\n<tr>\n<td align=\"left\" valign=\"top\" width=\"60%\"><strong>Nutritional content <\/strong><\/td>\n<td align=\"left\" valign=\"top\" width=\"40%\"><strong>g \/ 100 ml<\/strong><\/td>\n<\/tr>\n<tr>\n<td>Energy:<\/td>\n<td>1281 kJ \/ 306,28 kcal<\/td>\n<\/tr>\n<tr>\n<td>Fat<\/td>\n<td>0,0<\/td>\n<\/tr>\n<tr>\n<td>- of which saturates:<\/td>\n<td>0,0<\/td>\n<\/tr>\n<tr>\n<td>Carbohydrate:<\/td>\n<td>77,0<\/td>\n<\/tr>\n<tr>\n<td>- of which sugars:<\/td>\n<td>75,0<\/td>\n<\/tr>\n<tr>\n<td>- of which lactose:<\/td>\n<td>0,0<\/td>\n<\/tr>\n<tr>\n<td>Protein:<\/td>\n<td>0,0<\/td>\n<\/tr>\n<tr>\n<td>Salt:<\/td>\n<td>0,0<\/td>\n<\/tr>\n<\/tbody>\n<\/table>\n<\/div>\n<p>&nbsp;<\/p>","protected":false},"featured_media":1172,"template":"","meta":{"inline_featured_image":false},"product_cat":[24],"product_tag":[],"_links":{"self":[{"href":"https:\/\/www.modo.fi\/en\/wp-json\/wp\/v2\/product\/8140"}],"collection":[{"href":"https:\/\/www.modo.fi\/en\/wp-json\/wp\/v2\/product"}],"about":[{"href":"https:\/\/www.modo.fi\/en\/wp-json\/wp\/v2\/types\/product"}],"wp:featuredmedia":[{"embeddable":true,"href":"https:\/\/www.modo.fi\/en\/wp-json\/wp\/v2\/media\/1172"}],"wp:attachment":[{"href":"https:\/\/www.modo.fi\/en\/wp-json\/wp\/v2\/media?parent=8140"}],"wp:term":[{"taxonomy":"product_cat","embeddable":true,"href":"https:\/\/www.modo.fi\/en\/wp-json\/wp\/v2\/product_cat?post=8140"},{"taxonomy":"product_tag","embeddable":true,"href":"https:\/\/www.modo.fi\/en\/wp-json\/wp\/v2\/product_tag?post=8140"}],"curies":[{"name":"wp","href":"https:\/\/api.w.org\/{rel}","templated":true}]}}