{"id":8159,"date":"2022-04-27T08:08:37","date_gmt":"2022-04-27T06:08:37","guid":{"rendered":"https:\/\/www.modo.fi\/product\/laku-shot-mixer-75-cl\/"},"modified":"2025-12-18T11:06:32","modified_gmt":"2025-12-18T09:06:32","slug":"laku-shot-mixer-75-cl","status":"publish","type":"product","link":"https:\/\/www.modo.fi\/en\/product\/laku-shot-mixer-75-cl\/","title":{"rendered":"Laku Shot Mixer 75 cl"},"content":{"rendered":"","protected":false},"excerpt":{"rendered":"<p>The syrup is great for drinks, coffee and baking.<br \/>\nTuote ei sovellu virvoitusjuoman valmistukseen.<\/p>\n<p class=\"translation-block\"><strong><em>The product contains licorice<br>\nPeople with high blood pressure must avoid excessive consumption of the product!<\/em><\/strong><\/p>\n<p>All Modo syrups are lactose-free and gluten-free<\/p>\n<p>AINESOSAT: Vesi, sokeri, lakritsiuute, ammoniumkloridi\u00a0(salmiakki), aromi, v\u00e4ri (E150D), happamuudens\u00e4\u00e4t\u00f6aine<br \/>\n(sitruunahappo), s\u00e4il\u00f6nt\u00e4aineet (E202 ja E211)<br \/>\nINGREDIENSER: Vatten, socker, lakritsextrakt, ammoniumklorid\u00a0(salmiak), arom, f\u00e4rg (E150D), surhetsreglerandemedel<br \/>\n(citronsyra), konserveringsmedel (E202 och E211).<br \/>\nINGREDIENTS: Water, sugar, licorice extract, ammonium chloride (salmiak), aroma, color (E150D), acidity regulator (citric acid), preservatives (E202 and E211).<\/p>\n<div class=\"clearfix\">\n<table class=\"nutrition\" border=\"0\" width=\"100%\" cellspacing=\"0\" cellpadding=\"0\" align=\"left\">\n<tbody>\n<tr>\n<td align=\"left\" valign=\"top\" width=\"60%\"><strong>Nutritional content <\/strong><\/td>\n<td align=\"left\" valign=\"top\" width=\"40%\"><strong>g \/ 100 ml<\/strong><\/td>\n<\/tr>\n<tr>\n<td>Energy:<\/td>\n<td>1207 kJ \/ 288,0 kcal<\/td>\n<\/tr>\n<tr>\n<td>Fat<\/td>\n<td>0,0<\/td>\n<\/tr>\n<tr>\n<td>- of which saturates:<\/td>\n<td>0,0<\/td>\n<\/tr>\n<tr>\n<td>Carbohydrate:<\/td>\n<td>71,0<\/td>\n<\/tr>\n<tr>\n<td>- of which sugars:<\/td>\n<td>68,5<\/td>\n<\/tr>\n<tr>\n<td>- of which lactose:<\/td>\n<td>0,0<\/td>\n<\/tr>\n<tr>\n<td>Protein:<\/td>\n<td>0,0<\/td>\n<\/tr>\n<tr>\n<td>Salt:<\/td>\n<td>0,0<\/td>\n<\/tr>\n<\/tbody>\n<\/table>\n<\/div>","protected":false},"featured_media":1156,"template":"","meta":{"inline_featured_image":false},"product_cat":[96],"product_tag":[],"_links":{"self":[{"href":"https:\/\/www.modo.fi\/en\/wp-json\/wp\/v2\/product\/8159"}],"collection":[{"href":"https:\/\/www.modo.fi\/en\/wp-json\/wp\/v2\/product"}],"about":[{"href":"https:\/\/www.modo.fi\/en\/wp-json\/wp\/v2\/types\/product"}],"wp:featuredmedia":[{"embeddable":true,"href":"https:\/\/www.modo.fi\/en\/wp-json\/wp\/v2\/media\/1156"}],"wp:attachment":[{"href":"https:\/\/www.modo.fi\/en\/wp-json\/wp\/v2\/media?parent=8159"}],"wp:term":[{"taxonomy":"product_cat","embeddable":true,"href":"https:\/\/www.modo.fi\/en\/wp-json\/wp\/v2\/product_cat?post=8159"},{"taxonomy":"product_tag","embeddable":true,"href":"https:\/\/www.modo.fi\/en\/wp-json\/wp\/v2\/product_tag?post=8159"}],"curies":[{"name":"wp","href":"https:\/\/api.w.org\/{rel}","templated":true}]}}