{"id":8172,"date":"2022-04-27T08:08:42","date_gmt":"2022-04-27T06:08:42","guid":{"rendered":"https:\/\/www.modo.fi\/product\/orange-syrup-75-cl\/"},"modified":"2025-12-18T11:02:00","modified_gmt":"2025-12-18T09:02:00","slug":"orange-syrup-75-cl","status":"publish","type":"product","link":"https:\/\/www.modo.fi\/en\/product\/orange-syrup-75-cl\/","title":{"rendered":"Orange Syrup 75 cl"},"content":{"rendered":"","protected":false},"excerpt":{"rendered":"<p>The syrup is great for drinks, coffee and baking.<br \/>\nTuote ei sovellu virvoitusjuoman valmistukseen.<\/p>\n<p>All Modo syrups are lactose-free and gluten-free<\/p>\n<p>AINESOSAT: Vesi, sokeri, appelsiinimehutiiviste, aromi, v\u00e4ri (karmiini, E100), happamuudens\u00e4\u00e4t\u00f6aine (sitruunahappo),<br \/>\ns\u00e4il\u00f6nt\u00e4aineet (E202 ja E211). T\u00e4ysmehupitoisuus: 20%.<br \/>\nINGREDIENSER: Vatten, socker, appelsinsaftkoncentrat, arom, f\u00e4rg (karmin, E100), surhetsreglerandemedel (citronsyra), konserveringsmedel (E202 och E211). Juiceinneh\u00e5ll: 20%.<br \/>\nINGREDIENTS: Water, sugar, orange juice concentrate, aroma, color (karmin, E100), acidity regulator (citric acid), preservatives (E202 and E211). Juice content: 20%.<\/p>\n<div class=\"clearfix\">\n<table class=\"nutrition\" border=\"0\" width=\"100%\" cellspacing=\"0\" cellpadding=\"0\" align=\"left\">\n<tbody>\n<tr>\n<td align=\"left\" valign=\"top\" width=\"60%\"><strong>Nutritional content <\/strong><\/td>\n<td align=\"left\" valign=\"top\" width=\"40%\"><strong>g \/ 100 ml<\/strong><\/td>\n<\/tr>\n<tr>\n<td>Energy:<\/td>\n<td>1269 kJ \/ 303,0 kcal<\/td>\n<\/tr>\n<tr>\n<td>Fat<\/td>\n<td>0,0<\/td>\n<\/tr>\n<tr>\n<td>- of which saturates:<\/td>\n<td>0,0<\/td>\n<\/tr>\n<tr>\n<td>Carbohydrate:<\/td>\n<td>74,5<\/td>\n<\/tr>\n<tr>\n<td>- of which sugars:<\/td>\n<td>74,5<\/td>\n<\/tr>\n<tr>\n<td>- of which lactose:<\/td>\n<td>0,0<\/td>\n<\/tr>\n<tr>\n<td>Protein:<\/td>\n<td>0,0<\/td>\n<\/tr>\n<tr>\n<td>Salt:<\/td>\n<td>0,1<\/td>\n<\/tr>\n<\/tbody>\n<\/table>\n<\/div>","protected":false},"featured_media":1188,"template":"","meta":{"inline_featured_image":false},"product_cat":[24],"product_tag":[],"_links":{"self":[{"href":"https:\/\/www.modo.fi\/en\/wp-json\/wp\/v2\/product\/8172"}],"collection":[{"href":"https:\/\/www.modo.fi\/en\/wp-json\/wp\/v2\/product"}],"about":[{"href":"https:\/\/www.modo.fi\/en\/wp-json\/wp\/v2\/types\/product"}],"wp:featuredmedia":[{"embeddable":true,"href":"https:\/\/www.modo.fi\/en\/wp-json\/wp\/v2\/media\/1188"}],"wp:attachment":[{"href":"https:\/\/www.modo.fi\/en\/wp-json\/wp\/v2\/media?parent=8172"}],"wp:term":[{"taxonomy":"product_cat","embeddable":true,"href":"https:\/\/www.modo.fi\/en\/wp-json\/wp\/v2\/product_cat?post=8172"},{"taxonomy":"product_tag","embeddable":true,"href":"https:\/\/www.modo.fi\/en\/wp-json\/wp\/v2\/product_tag?post=8172"}],"curies":[{"name":"wp","href":"https:\/\/api.w.org\/{rel}","templated":true}]}}