{"id":8181,"date":"2022-04-27T08:08:43","date_gmt":"2022-04-27T06:08:43","guid":{"rendered":"https:\/\/www.modo.fi\/product\/pink-grapefruit-syrup-75-cl\/"},"modified":"2025-12-18T11:01:04","modified_gmt":"2025-12-18T09:01:04","slug":"pink-grapefruit-syrup-75-cl","status":"publish","type":"product","link":"https:\/\/www.modo.fi\/en\/product\/pink-grapefruit-syrup-75-cl\/","title":{"rendered":"Pink Grapefruit Syrup 75 cl"},"content":{"rendered":"","protected":false},"excerpt":{"rendered":"<p>The syrup is great for drinks, coffee and baking.<br \/>\nTuote ei sovellu virvoitusjuoman valmistukseen.<\/p>\n<p>All Modo syrups are lactose-free and gluten-free<\/p>\n<p>AINESOSAT: Vesi, sokeri, greippimehutiiviste, aromi, v\u00e4ri (E163), happamuudens\u00e4\u00e4t\u00f6aine (sitruunahappo), s\u00e4il\u00f6nt\u00e4aineet (E202 ja E211) T\u00e4ysmehupitoisuus: 11%.<br \/>\nINGREDIENSER: Vatten, socker, grapejuicekoncentrat, arom, f\u00e4rg (E163), surhetsreglerandemedel (citronsyra), konserveringsmedel (E202 och E211). Juiceinneh\u00e5ll: 11%.<br \/>\nINGREDIENTS: Water, sugar, grape juice concentrate, aroma, color (E163), acidity regulator (citric acid), preservatives (E202 and E211). Juice content: 11%.<\/p>\n<div class=\"clearfix\">\n<table class=\"nutrition\" border=\"0\" width=\"100%\" cellspacing=\"0\" cellpadding=\"0\" align=\"left\">\n<tbody>\n<tr>\n<td align=\"left\" valign=\"top\" width=\"60%\"><strong>Nutritional content <\/strong><\/td>\n<td align=\"left\" valign=\"top\" width=\"40%\"><strong>g \/ 100 ml<\/strong><\/td>\n<\/tr>\n<tr>\n<td>Energy:<\/td>\n<td>1244 kJ \/ 297,0 kcal<\/td>\n<\/tr>\n<tr>\n<td>Fat<\/td>\n<td>0,0<\/td>\n<\/tr>\n<tr>\n<td>- of which saturates:<\/td>\n<td>0,0<\/td>\n<\/tr>\n<tr>\n<td>Carbohydrate:<\/td>\n<td>74,4<\/td>\n<\/tr>\n<tr>\n<td>- of which sugars:<\/td>\n<td>72,0<\/td>\n<\/tr>\n<tr>\n<td>- of which lactose:<\/td>\n<td>0,0<\/td>\n<\/tr>\n<tr>\n<td>Protein:<\/td>\n<td>0,0<\/td>\n<\/tr>\n<tr>\n<td>Salt:<\/td>\n<td>0,1<\/td>\n<\/tr>\n<\/tbody>\n<\/table>\n<\/div>","protected":false},"featured_media":1194,"template":"","meta":{"inline_featured_image":false},"product_cat":[24],"product_tag":[],"_links":{"self":[{"href":"https:\/\/www.modo.fi\/en\/wp-json\/wp\/v2\/product\/8181"}],"collection":[{"href":"https:\/\/www.modo.fi\/en\/wp-json\/wp\/v2\/product"}],"about":[{"href":"https:\/\/www.modo.fi\/en\/wp-json\/wp\/v2\/types\/product"}],"wp:featuredmedia":[{"embeddable":true,"href":"https:\/\/www.modo.fi\/en\/wp-json\/wp\/v2\/media\/1194"}],"wp:attachment":[{"href":"https:\/\/www.modo.fi\/en\/wp-json\/wp\/v2\/media?parent=8181"}],"wp:term":[{"taxonomy":"product_cat","embeddable":true,"href":"https:\/\/www.modo.fi\/en\/wp-json\/wp\/v2\/product_cat?post=8181"},{"taxonomy":"product_tag","embeddable":true,"href":"https:\/\/www.modo.fi\/en\/wp-json\/wp\/v2\/product_tag?post=8181"}],"curies":[{"name":"wp","href":"https:\/\/api.w.org\/{rel}","templated":true}]}}